{"id":1492,"date":"2019-01-15T11:51:52","date_gmt":"2019-01-15T10:51:52","guid":{"rendered":"https:\/\/www.maven.se\/om-oss\/"},"modified":"2023-09-25T16:16:15","modified_gmt":"2023-09-25T14:16:15","slug":"about-us","status":"publish","type":"page","link":"https:\/\/www.maven.se\/en\/about-us\/","title":{"rendered":"ABOUT US"},"content":{"rendered":"<div id='full_slider_1'  class='avia-fullwidth-slider main_color avia-shadow   avia-builder-el-0  el_before_av_one_full  avia-builder-el-first   container_wrap fullsize'  >\n<style type=\"text\/css\" data-created_by=\"avia_inline_auto\" id=\"style-css-av-jqs3h6uc-cd9859de2d18b3cb6678f8a9e0665497\">\n#top #wrap_all .avia-slideshow .av-slideshow-caption.av-jqs3h6uc-cd9859de2d18b3cb6678f8a9e0665497__0 .avia-caption-title{\nfont-size:40px;\ncolor:#ffffff;\n}\n<\/style>\n<div  class='avia-slideshow av-jqs3h6uc-cd9859de2d18b3cb6678f8a9e0665497 avia-slideshow-featured_large av_slideshow_full avia-fade-slider av-slideshow-ui av-control-minimal av-slideshow-manual av-loop-once av-loop-manual-endless av-default-height-applied   avia-slideshow-1' data-slideshow-options=\"{&quot;animation&quot;:&quot;fade&quot;,&quot;autoplay&quot;:false,&quot;loop_autoplay&quot;:&quot;once&quot;,&quot;interval&quot;:5,&quot;loop_manual&quot;:&quot;manual-endless&quot;,&quot;autoplay_stopper&quot;:false,&quot;noNavigation&quot;:false,&quot;bg_slider&quot;:false,&quot;keep_padding&quot;:false,&quot;hoverpause&quot;:false,&quot;show_slide_delay&quot;:0}\"  itemprop=\"image\" itemscope=\"itemscope\" itemtype=\"https:\/\/schema.org\/ImageObject\" ><ul class='avia-slideshow-inner ' style='padding-bottom: 42%;'><li  class='avia-slideshow-slide av-jqs3h6uc-cd9859de2d18b3cb6678f8a9e0665497__0  av-single-slide slide-1 slide-odd'><div data-rel='slideshow-1' class='avia-slide-wrap '   ><img decoding=\"async\" fetchpriority=\"high\" class=\"wp-image-1532 avia-img-lazy-loading-not-1532\"  src=\"https:\/\/www.maven.se\/wp-content\/uploads\/2020\/01\/om_oss-1500x630.jpg\" width=\"1500\" height=\"630\" title='om_oss' alt=''  itemprop=\"thumbnailUrl\"  style='min-height:400px; min-width:953px; ' \/><\/div><\/li><\/ul><\/div><\/div><div id='after_full_slider_1'  class='main_color av_default_container_wrap container_wrap fullsize'  ><div class='container av-section-cont-open' ><div class='template-page content  av-content-full alpha units'><div class='post-entry post-entry-type-page post-entry-1492'><div class='entry-content-wrapper clearfix'>\n\n<style type=\"text\/css\" data-created_by=\"avia_inline_auto\" id=\"style-css-av-5zx7-4b461d52d84fca46d8b404781ebf4f54\">\n.flex_column.av-5zx7-4b461d52d84fca46d8b404781ebf4f54{\nborder-radius:0px 0px 0px 0px;\npadding:40px 40px 40px 40px;\n}\n<\/style>\n<div  class='flex_column av-5zx7-4b461d52d84fca46d8b404781ebf4f54 av_one_full  avia-builder-el-1  el_after_av_slideshow_full  el_before_av_one_full  avia-builder-el-first  first-col-sub-full hide-1264 first flex_column_div  '     ><p>\n<style type=\"text\/css\" data-created_by=\"avia_inline_auto\" id=\"style-css-av-av_heading-07244f33147e74fc9cbe676c9eb4912a\">\n#top .av-special-heading.av-av_heading-07244f33147e74fc9cbe676c9eb4912a{\npadding-bottom:40px;\nfont-size:45px;\n}\nbody .av-special-heading.av-av_heading-07244f33147e74fc9cbe676c9eb4912a .av-special-heading-tag .heading-char{\nfont-size:25px;\n}\n#top #wrap_all .av-special-heading.av-av_heading-07244f33147e74fc9cbe676c9eb4912a .av-special-heading-tag{\nfont-size:45px;\n}\n.av-special-heading.av-av_heading-07244f33147e74fc9cbe676c9eb4912a .av-subheading{\nfont-size:15px;\n}\n\n@media only screen and (min-width: 480px) and (max-width: 767px){ \n#top #wrap_all .av-special-heading.av-av_heading-07244f33147e74fc9cbe676c9eb4912a .av-special-heading-tag{\nfont-size:0.8em;\n}\n}\n\n@media only screen and (max-width: 479px){ \n#top #wrap_all .av-special-heading.av-av_heading-07244f33147e74fc9cbe676c9eb4912a .av-special-heading-tag{\nfont-size:0.8em;\n}\n}\n<\/style>\n<div  class='av-special-heading av-av_heading-07244f33147e74fc9cbe676c9eb4912a av-special-heading-h1 blockquote modern-quote  avia-builder-el-2  el_before_av_textblock  avia-builder-el-first  heading-left-line av-inherit-size'><h1 class='av-special-heading-tag '  itemprop=\"headline\"  >About us<\/h1><div class=\"special-heading-border\"><div class=\"special-heading-inner-border\"><\/div><\/div><\/div><br \/>\n<section  class='av_textblock_section av-3elr-48eae9578a35b50ac169c0376173e6e7 '   itemscope=\"itemscope\" itemtype=\"https:\/\/schema.org\/CreativeWork\" ><div class='avia_textblock p-max-width-full'  itemprop=\"text\" ><p>Hi and welcome to Maven! This is the place to be if you want to be comfortable but still close to nature and the ocean.<\/p>\n<p>In a large grove in the woods you\u2019ll find our 14 cabins run by me, Anne, and my husband Stefan. We love to create, build and cook. I used to be a chef and will gladly help with restaurant or catering tips. And if you want some advice on excursions or activities I will share my best spots. Stefan is the handy one. He\u2019s doing the repairs, fixing and trixing. He\u2019s actually the one who drew and built the cabins.<\/p>\n<p>You\u2019ll notice that we love animals and the nature. If you\u2019re lucky our big furry cat Sigge will come by for a visit.<\/p>\n<p>You\u2019ll find us 40 minutes from Visby and 30 minutes from F\u00e5r\u00f6sund. L\u00e4rbo lies 8 km away and has a grocery store, restaurant and gym.<\/p>\n<p>Kappelshamn is a nearby society, a calm and nice village just by the ocean with a beautiful stone beach as well as a charming little sandy beach. There are also plenty of walking trails in the surrounding forest. Here you\u2019ll also find a nice herb garden, leather crafting and a restaurant.<\/p>\n<\/div><\/section><\/p><\/div>\n<style type=\"text\/css\" data-created_by=\"avia_inline_auto\" id=\"style-css-av-5zx7-db4e933df7a6d7048dcaa32582f00ce6\">\n.flex_column.av-5zx7-db4e933df7a6d7048dcaa32582f00ce6{\nborder-radius:0px 0px 0px 0px;\npadding:40px 40px 40px 40px;\n}\n<\/style>\n<div  class='flex_column av-5zx7-db4e933df7a6d7048dcaa32582f00ce6 av_one_full  avia-builder-el-4  el_after_av_one_full  avia-builder-el-last  mobile-text-sub visible-1264 first flex_column_div  column-top-margin'     ><p>\n<style type=\"text\/css\" data-created_by=\"avia_inline_auto\" id=\"style-css-av-av_heading-07244f33147e74fc9cbe676c9eb4912a\">\n#top .av-special-heading.av-av_heading-07244f33147e74fc9cbe676c9eb4912a{\npadding-bottom:40px;\nfont-size:45px;\n}\nbody .av-special-heading.av-av_heading-07244f33147e74fc9cbe676c9eb4912a .av-special-heading-tag .heading-char{\nfont-size:25px;\n}\n#top #wrap_all .av-special-heading.av-av_heading-07244f33147e74fc9cbe676c9eb4912a .av-special-heading-tag{\nfont-size:45px;\n}\n.av-special-heading.av-av_heading-07244f33147e74fc9cbe676c9eb4912a .av-subheading{\nfont-size:15px;\n}\n\n@media only screen and (min-width: 480px) and (max-width: 767px){ \n#top #wrap_all .av-special-heading.av-av_heading-07244f33147e74fc9cbe676c9eb4912a .av-special-heading-tag{\nfont-size:0.8em;\n}\n}\n\n@media only screen and (max-width: 479px){ \n#top #wrap_all .av-special-heading.av-av_heading-07244f33147e74fc9cbe676c9eb4912a .av-special-heading-tag{\nfont-size:0.8em;\n}\n}\n<\/style>\n<div  class='av-special-heading av-av_heading-07244f33147e74fc9cbe676c9eb4912a av-special-heading-h1 blockquote modern-quote  avia-builder-el-5  el_before_av_textblock  avia-builder-el-first  heading-left-line av-inherit-size'><h1 class='av-special-heading-tag '  itemprop=\"headline\"  >About us<\/h1><div class=\"special-heading-border\"><div class=\"special-heading-inner-border\"><\/div><\/div><\/div><br \/>\n<section  class='av_textblock_section av-3elr-48eae9578a35b50ac169c0376173e6e7 '   itemscope=\"itemscope\" itemtype=\"https:\/\/schema.org\/CreativeWork\" ><div class='avia_textblock p-max-width-full'  itemprop=\"text\" ><p>Hi and welcome to Maven! This is the place to be if you want to be comfortable but still close to nature and the ocean.<\/p>\n<p>In a large grove in the woods you\u2019ll find our 14 cabins run by me, Anne, and my husband Stefan. We love to create, build and cook. I used to be a chef and will gladly help with restaurant or catering tips. And if you want some advice on excursions or activities I will share my best spots. Stefan is the handy one. He\u2019s doing the repairs, fixing and trixing. He\u2019s actually the one who drew and built the cabins.<\/p>\n<p>You\u2019ll notice that we love animals and the nature. If you\u2019re lucky our big furry cat Sigge will come by for a visit.<\/p>\n<p>You\u2019ll find us 40 minutes from Visby and 30 minutes from F\u00e5r\u00f6sund. L\u00e4rbo lies 8 km away and has a grocery store, restaurant and gym.<\/p>\n<p>Kappelshamn is a nearby society, a calm and nice village just by the ocean with a beautiful stone beach as well as a charming little sandy beach. There are also plenty of walking trails in the surrounding forest. Here you\u2019ll also find a nice herb garden, leather crafting and a restaurant.<\/p>\n<\/div><\/section><\/p><\/div><\/p>\n","protected":false},"excerpt":{"rendered":"","protected":false},"author":2,"featured_media":0,"parent":0,"menu_order":0,"comment_status":"closed","ping_status":"closed","template":"","meta":{"inline_featured_image":false,"footnotes":""},"class_list":["post-1492","page","type-page","status-publish","hentry"],"_links":{"self":[{"href":"https:\/\/www.maven.se\/en\/wp-json\/wp\/v2\/pages\/1492","targetHints":{"allow":["GET"]}}],"collection":[{"href":"https:\/\/www.maven.se\/en\/wp-json\/wp\/v2\/pages"}],"about":[{"href":"https:\/\/www.maven.se\/en\/wp-json\/wp\/v2\/types\/page"}],"author":[{"embeddable":true,"href":"https:\/\/www.maven.se\/en\/wp-json\/wp\/v2\/users\/2"}],"replies":[{"embeddable":true,"href":"https:\/\/www.maven.se\/en\/wp-json\/wp\/v2\/comments?post=1492"}],"version-history":[{"count":7,"href":"https:\/\/www.maven.se\/en\/wp-json\/wp\/v2\/pages\/1492\/revisions"}],"predecessor-version":[{"id":2303,"href":"https:\/\/www.maven.se\/en\/wp-json\/wp\/v2\/pages\/1492\/revisions\/2303"}],"wp:attachment":[{"href":"https:\/\/www.maven.se\/en\/wp-json\/wp\/v2\/media?parent=1492"}],"curies":[{"name":"wp","href":"https:\/\/api.w.org\/{rel}","templated":true}]}}